{"id":305,"date":"2019-04-23T09:09:00","date_gmt":"2019-04-23T09:09:00","guid":{"rendered":"http:\/\/demo.themegrill.com\/colormag\/?page_id=2"},"modified":"2019-04-25T22:47:53","modified_gmt":"2019-04-25T22:47:53","slug":"videos","status":"publish","type":"page","link":"https:\/\/www.uni3venezuela.org.ve\/index.php\/videos\/","title":{"rendered":"Galer\u00eda de Videos"},"content":{"rendered":"\n\n\n<figure class=\"wp-block-image is-resized\"><img loading=\"lazy\" decoding=\"async\" src=\"http:\/\/www.uni3venezuela.org.ve\/wp-content\/uploads\/2019\/04\/videos-banner.jpg\" alt=\"\" class=\"wp-image-530\" width=\"615\" height=\"154\" srcset=\"https:\/\/www.uni3venezuela.org.ve\/wp-content\/uploads\/2019\/04\/videos-banner.jpg 1000w, https:\/\/www.uni3venezuela.org.ve\/wp-content\/uploads\/2019\/04\/videos-banner-300x75.jpg 300w, https:\/\/www.uni3venezuela.org.ve\/wp-content\/uploads\/2019\/04\/videos-banner-768x192.jpg 768w\" sizes=\"auto, (max-width: 615px) 100vw, 615px\" \/><\/figure>\n\n\n\n<p><span style=\"font-family: arial, helvetica, sans-serif; color: #000000; font-size: 14pt;\">Video Promocional UNI3 Venezuela &#8211; 2.015<\/span><\/p>\n<p><iframe loading=\"lazy\" title=\"UNI3 Venezuela 2.015\" width=\"800\" height=\"450\" src=\"https:\/\/www.youtube.com\/embed\/SjxJLas1UXk?feature=oembed\" frameborder=\"0\" allow=\"accelerometer; autoplay; clipboard-write; encrypted-media; gyroscope; picture-in-picture; web-share\" referrerpolicy=\"strict-origin-when-cross-origin\" allowfullscreen><\/iframe><\/p>\n<p>&nbsp;<\/p>\n<p><span style=\"font-family: arial, helvetica, sans-serif; color: #000000; font-size: 14pt;\">Taller Danza \u00c1rabe &#8211; mayo 2.015<\/span><\/p>\n<p><iframe loading=\"lazy\" title=\"Grupo UNI 3\" width=\"800\" height=\"450\" src=\"https:\/\/www.youtube.com\/embed\/SbIagz1bi6M?feature=oembed\" frameborder=\"0\" allow=\"accelerometer; autoplay; clipboard-write; encrypted-media; gyroscope; picture-in-picture; web-share\" referrerpolicy=\"strict-origin-when-cross-origin\" allowfullscreen><\/iframe><\/p>\n<p>&nbsp;<\/p>\n<p><span style=\"font-family: arial, helvetica, sans-serif; color: #000000; font-size: 14pt;\">Celebraci\u00f3n de Fin de A\u00f1o 2.014<\/span><\/p>\n<p><iframe loading=\"lazy\" title=\"UNI3 DIC 2014\" width=\"800\" height=\"600\" src=\"https:\/\/www.youtube.com\/embed\/e2ki-z1Aboc?feature=oembed\" frameborder=\"0\" allow=\"accelerometer; autoplay; clipboard-write; encrypted-media; gyroscope; picture-in-picture; web-share\" referrerpolicy=\"strict-origin-when-cross-origin\" allowfullscreen><\/iframe><\/p>\n<p>&nbsp;<\/p>\n<p><span style=\"font-family: arial, helvetica, sans-serif; color: #000000; font-size: 14pt;\">Juan Mijares, Ejemplo de Vida &#8211; Ponencia de Venezuela en el XIII Encuentro Latinoamericano de la RUA<\/span><\/p>\n<p><iframe loading=\"lazy\" title=\"Juan Mijares,ejemplo de vida uni3\" width=\"800\" height=\"450\" src=\"https:\/\/www.youtube.com\/embed\/PryUTIRXZEk?feature=oembed\" frameborder=\"0\" allow=\"accelerometer; autoplay; clipboard-write; encrypted-media; gyroscope; picture-in-picture; web-share\" referrerpolicy=\"strict-origin-when-cross-origin\" allowfullscreen><\/iframe><\/p>\n<p>&nbsp;<\/p>\n<p><span style=\"font-family: arial, helvetica, sans-serif; color: #000000; font-size: 14pt;\">Certificaci\u00f3n y fin de Talleres &#8211; Primer Semestre 2.014<\/span><\/p>\n<p><iframe loading=\"lazy\" title=\"UNI3 Cierre Trimestre 2014\" width=\"800\" height=\"600\" src=\"https:\/\/www.youtube.com\/embed\/aHjORrhMbTU?feature=oembed\" frameborder=\"0\" allow=\"accelerometer; autoplay; clipboard-write; encrypted-media; gyroscope; picture-in-picture; web-share\" referrerpolicy=\"strict-origin-when-cross-origin\" allowfullscreen><\/iframe><\/p>\n<p>&nbsp;<\/p>\n<p><span style=\"font-family: arial, helvetica, sans-serif; color: #000000; font-size: 14pt;\">Entrevista al Sr. Juan Mijares<\/span><\/p>\n<p><iframe loading=\"lazy\" title=\"Juan Mijares Uni3Venezuela\" width=\"800\" height=\"600\" src=\"https:\/\/www.youtube.com\/embed\/gdOMNsrdkss?feature=oembed\" frameborder=\"0\" allow=\"accelerometer; autoplay; clipboard-write; encrypted-media; gyroscope; picture-in-picture; web-share\" referrerpolicy=\"strict-origin-when-cross-origin\" allowfullscreen><\/iframe><\/p>\n<p>&nbsp;<\/p>\n<p><span style=\"font-family: arial, helvetica, sans-serif; color: #000000; font-size: 14pt;\">Entrevista en el Programa Contraste &#8211; 17 de junio de 2.014<\/span><\/p>\n<p><iframe loading=\"lazy\" title=\"UNI3 en Programa &quot;Contrastes&quot;  VTV - 17 junio 2014\" width=\"800\" height=\"600\" src=\"https:\/\/www.youtube.com\/embed\/xcUFnAAuW-s?feature=oembed\" frameborder=\"0\" allow=\"accelerometer; autoplay; clipboard-write; encrypted-media; gyroscope; picture-in-picture; web-share\" referrerpolicy=\"strict-origin-when-cross-origin\" allowfullscreen><\/iframe><\/p>\n<p>&nbsp;<\/p>\n<p><span style=\"font-family: arial, helvetica, sans-serif; color: #000000; font-size: 14pt;\">Rese\u00f1a en Telesur &#8211; octubre 2.012<\/span><\/p>\n<p>https:\/\/www.youtube.com\/watch?v=8ioEmZLAp9I<\/p>\n<p>&nbsp;<\/p>\n<p><span style=\"font-family: arial, helvetica, sans-serif; color: #000000; font-size: 14pt;\">Primer Video Promocional:<\/span><\/p>\n<p><iframe loading=\"lazy\" title=\"uni3\" width=\"800\" height=\"600\" src=\"https:\/\/www.youtube.com\/embed\/laVXjp3Ph8s?feature=oembed\" frameborder=\"0\" allow=\"accelerometer; autoplay; clipboard-write; encrypted-media; gyroscope; picture-in-picture; web-share\" referrerpolicy=\"strict-origin-when-cross-origin\" allowfullscreen><\/iframe><\/p>\n","protected":false},"excerpt":{"rendered":"<p>Video Promocional UNI3 Venezuela &#8211; 2.015 &nbsp; Taller Danza \u00c1rabe &#8211; mayo 2.015 &nbsp; Celebraci\u00f3n de Fin de A\u00f1o 2.014<\/p>\n","protected":false},"author":1,"featured_media":0,"parent":0,"menu_order":0,"comment_status":"open","ping_status":"open","template":"","meta":{"colormag_page_container_layout":"default_layout","colormag_page_sidebar_layout":"default_layout","footnotes":""},"class_list":["post-305","page","type-page","status-publish","hentry"],"_links":{"self":[{"href":"https:\/\/www.uni3venezuela.org.ve\/index.php\/wp-json\/wp\/v2\/pages\/305","targetHints":{"allow":["GET"]}}],"collection":[{"href":"https:\/\/www.uni3venezuela.org.ve\/index.php\/wp-json\/wp\/v2\/pages"}],"about":[{"href":"https:\/\/www.uni3venezuela.org.ve\/index.php\/wp-json\/wp\/v2\/types\/page"}],"author":[{"embeddable":true,"href":"https:\/\/www.uni3venezuela.org.ve\/index.php\/wp-json\/wp\/v2\/users\/1"}],"replies":[{"embeddable":true,"href":"https:\/\/www.uni3venezuela.org.ve\/index.php\/wp-json\/wp\/v2\/comments?post=305"}],"version-history":[{"count":3,"href":"https:\/\/www.uni3venezuela.org.ve\/index.php\/wp-json\/wp\/v2\/pages\/305\/revisions"}],"predecessor-version":[{"id":2394,"href":"https:\/\/www.uni3venezuela.org.ve\/index.php\/wp-json\/wp\/v2\/pages\/305\/revisions\/2394"}],"wp:attachment":[{"href":"https:\/\/www.uni3venezuela.org.ve\/index.php\/wp-json\/wp\/v2\/media?parent=305"}],"curies":[{"name":"wp","href":"https:\/\/api.w.org\/{rel}","templated":true}]}}