{"id":2,"date":"2019-04-24T19:11:54","date_gmt":"2019-04-24T19:11:54","guid":{"rendered":"http:\/\/www.uni3venezuela.org.ve\/?page_id=2"},"modified":"2022-05-31T12:49:02","modified_gmt":"2022-05-31T12:49:02","slug":"uni3","status":"publish","type":"page","link":"https:\/\/www.uni3venezuela.org.ve\/index.php\/uni3\/","title":{"rendered":"UNI3"},"content":{"rendered":"\n\n\n<figure class=\"wp-block-image aligncenter is-resized\"><img loading=\"lazy\" decoding=\"async\" src=\"http:\/\/www.uni3venezuela.org.ve\/wp-content\/uploads\/2019\/04\/A1Uni3-Ofc512.png\" alt=\"\" class=\"wp-image-327\" width=\"401\" height=\"292\" srcset=\"https:\/\/www.uni3venezuela.org.ve\/wp-content\/uploads\/2019\/04\/A1Uni3-Ofc512.png 512w, https:\/\/www.uni3venezuela.org.ve\/wp-content\/uploads\/2019\/04\/A1Uni3-Ofc512-300x219.png 300w\" sizes=\"auto, (max-width: 401px) 100vw, 401px\" \/><\/figure>\n\n\n\n<p style=\"text-align: justify;\"><span style=\"font-family: arial, helvetica, sans-serif; color: #000000;\">Las UNI\u00ad3 son Asociaciones civiles, laicas, sin fines de lucro , sin discriminaci\u00f3n, gestadas como una alternativa para hacer frente a la problem\u00e1tica de una humanidad cada vez m\u00e1s longeva y sin respuestas adecuadas, dado que vivimos m\u00e1s pero en condiciones de dependencia elevada. Son espacios de protagonismo que sirven para canalizar potencialidades, espacios para crecer, para construir historia, cultura, optimizar conocimientos y habilidades para afrontar mejor la vida a medida que se cumplen m\u00e1s a\u00f1os.<\/span><\/p>\n<p style=\"text-align: justify;\"><span style=\"font-family: arial, helvetica, sans-serif; color: #000000;\">UNI\u00ad3 Venezuela, asume el reto de la EDUCACION PERMANENTE , pues \u00e9sta constituye el gran desaf\u00edo del siglo XXI . La esencia humanista de este proyecto es vincular al adulto mayor con el placer de dar y recibir, junto con el disfrute del proceso de aprendizaje por la v\u00eda de la superaci\u00f3n personal.<\/span><\/p>\n<p style=\"text-align: justify;\"><span style=\"font-family: arial, helvetica, sans-serif; color: #000000;\">La metodolog\u00eda que se aplica, es andrag\u00f3gica, fundamentando y concientizando el ser, dando un justo valor a los conocimientos y recalcando la b\u00fasqueda de la plenitud de la vida que lleve a cada persona al encuentro con si misma y la revelaci\u00f3n de valores que promuevan la auto estima los sentimientos de seguridad y aceptaci\u00f3n del aut\u00e9ntico ser que existe en cada quien.<\/span><\/p>\n<p style=\"text-align: justify;\"><span style=\"font-family: arial, helvetica, sans-serif; color: #000000;\">Las UNI\u00ad3 en latinoamerica, surgen en Uruguay en 1983, como una r\u00e9plica de las iniciadas en Francia (Toulouse) por Pierre Vellas , en 1972. La iniciadora en latinoamerica fue la Lic. Alondra Bayley, en Montevideo Uruguay y en Venezuela, la fundadora fue la Dra. Henriette Adam.<\/span><\/p>\n<p style=\"text-align: justify;\"><span style=\"font-family: arial, helvetica, sans-serif; color: #000000;\">Las UNI\u00ad3 constituyen centros de educaci\u00f3n no formal para adultos(as) mayores en el sentido de la no exigencia de requisitos formales para su ingreso y no conducentes a t\u00edtulos ac\u00e1demicos.<\/span><\/p>\n<p style=\"text-align: justify;\"><span style=\"font-family: arial, helvetica, sans-serif; color: #000000;\">La UNI\u00ad3 Venezuela, forma parte de la Red Latinoamericana de Universidades Abiertas ( RUA- UNI3) integrada por: Uruguay, Argentina, Bolivia, Per\u00fa, M\u00e9xico, y Venezuela. Con reconocimiento de la UNESCO.<\/span><\/p>\n<h2 style=\"text-align: justify;\"><span style=\"font-family: arial, helvetica, sans-serif; color: #000000; font-size: 14pt;\"><strong><u>Misi\u00f3n<\/u><\/strong><\/span><\/h2>\n<p style=\"text-align: justify;\"><span style=\"font-family: arial, helvetica, sans-serif; color: #000000;\">UNI3 Venezuela Gran Caracas es una instituci\u00f3n educativa no formal, plural, flexible, innovadora, andrag\u00f3gica, sustentada en principios y valores \u00e9ticos, con el fin de posibilitar a las adultas (os) mayores su derecho a la educaci\u00f3n permanente y propiciar un envejecimiento activo.<\/span><\/p>\n<h2 style=\"text-align: justify;\"><strong><span style=\"font-family: arial, helvetica, sans-serif; color: #000000; font-size: 14pt;\">\u00a0<u>Visi\u00f3n.<\/u><\/span><\/strong><\/h2>\n<p style=\"text-align: justify;\"><span style=\"font-family: arial, helvetica, sans-serif; color: #000000;\">Hacer de UNI3 Venezuela Gran Caracas una instituci\u00f3n educativa a nivel nacional, generadora de m\u00faltiples oportunidades educativas para las adultas (os) mayores, reconocida por su nivel acad\u00e9mico, comprometida con la democratizaci\u00f3n del conocimiento, el bienestar colectivo, propiciadora de una sociedad de incluidos, orientada hacia el autodesarrollo de las personas y las comunidades, lo cual conlleva a pr\u00e1cticas democr\u00e1ticas, responsables y autogestionarias por parte de los involucrados.<\/span><\/p>\n<h2 style=\"text-align: justify;\"><span style=\"font-family: arial, helvetica, sans-serif; color: #000000; font-size: 14pt;\"><strong><u>Principios y Valores<\/u><\/strong><\/span><\/h2>\n<ol style=\"text-align: justify;\">\n<li><span style=\"font-family: arial, helvetica, sans-serif; color: #000000;\"><strong>\u00c9tica<\/strong>: UNI3 Venezuela en todo su actuar propicia el apego al bien com\u00fan, como base del bienestar individual y del compromiso con la sociedad.<\/span><\/li>\n<\/ol>\n<p style=\"text-align: justify;\">\u00a0<\/p>\n<ol style=\"text-align: justify;\" start=\"2\">\n<li><span style=\"font-family: arial, helvetica, sans-serif; color: #000000;\"><strong>Integralidad<\/strong>: promovemos las distintas manifestaciones del saber, del hacer y del ser, para propiciar una relaci\u00f3n del ser humano consigo mismo, con la sociedad, con la naturaleza y con la cultura que permita la articulaci\u00f3n de sus dimensiones biol\u00f3gica, psicol\u00f3gica y social.<\/span><\/li>\n<\/ol>\n<p style=\"text-align: justify;\">\u00a0<\/p>\n<ol style=\"text-align: justify;\" start=\"3\">\n<li><span style=\"font-family: arial, helvetica, sans-serif; color: #000000;\"><strong>Responsabilidad<\/strong>: nuestra comunidad educativa cumple sus deberes, ejerce sus derechos y asume las consecuencias que se desprenden de sus decisiones.<\/span><\/li>\n<\/ol>\n<p style=\"text-align: justify;\">\u00a0<\/p>\n<ol style=\"text-align: justify;\" start=\"4\">\n<li><span style=\"font-family: arial, helvetica, sans-serif; color: #000000;\"><strong>Convivencia<\/strong>: promovemos el respeto, el dialogo claro, argumentativo y arm\u00f3nico, y el enfoque de bienestar colectivo.<\/span><\/li>\n<\/ol>\n<p style=\"text-align: justify;\">\u00a0<\/p>\n<ol style=\"text-align: justify;\" start=\"5\">\n<li><span style=\"font-family: arial, helvetica, sans-serif; color: #000000;\"><strong>Compromiso<\/strong>: la instituci\u00f3n asume el cumplimiento de la misi\u00f3n a trav\u00e9s de nuestros esfuerzos.<\/span><\/li>\n<\/ol>\n<p style=\"text-align: justify;\">\u00a0<\/p>\n<ol style=\"text-align: justify;\" start=\"6\">\n<li><span style=\"font-family: arial, helvetica, sans-serif; color: #000000;\"><strong>Accesibilidad<\/strong>: posibilitamos el ingreso universal a la instituci\u00f3n de acuerdo con criterios y capacidades institucionales.<\/span><\/li>\n<\/ol>\n<p style=\"text-align: justify;\">\u00a0<\/p>\n<ol style=\"text-align: justify;\" start=\"7\">\n<li><span style=\"font-family: arial, helvetica, sans-serif; color: #000000;\"><strong>Participaci\u00f3n<\/strong>: posibilitamos a la comunidad educativa, la libertad para intervenir responsable, eficaz, eficiente, respetuosa y oportunamente en la vida institucional y su contexto.<\/span><\/li>\n<\/ol>\n<p style=\"text-align: justify;\">\u00a0<\/p>\n<ol style=\"text-align: justify;\" start=\"8\">\n<li><span style=\"font-family: arial, helvetica, sans-serif; color: #000000;\"><strong>M\u00edstica<\/strong>: Valoramos como la cualidad personal que hace confluir nuestros intereses individuales con los fines esenciales de UNI3 y tambi\u00e9n como la entrega personal de cada miembro de la comunidad al cumplimiento de la misi\u00f3n de la instituci\u00f3n de cara al presente y al futuro.<\/span><\/li>\n<\/ol>\n<p style=\"text-align: justify;\">\u00a0<\/p>\n<p style=\"text-align: justify;\"><span style=\"font-family: arial, helvetica, sans-serif; color: #000000;\">9.- <strong>Honestidad<\/strong>: Valoramos la honestidad como el principio y el criterio que hace que nuestro comportamiento como persona y como profesional sea coherente y que nuestras palabras se correspondan con nuestros actos.<\/span><\/p>\n<p style=\"text-align: justify;\">\u00a0<\/p>\n<p style=\"text-align: justify;\"><span style=\"font-family: arial, helvetica, sans-serif; color: #000000;\">10.- <strong>Respeto:<\/strong> Valoramos el respeto, la libertad y la tolerancia por lo que fomentamos la iniciativa personal y la expresi\u00f3n libre y plural de las ideas.<\/span><\/p>\n<p style=\"text-align: justify;\">\u00a0<\/p>\n<p style=\"text-align: justify;\"><span style=\"font-family: arial, helvetica, sans-serif; color: #000000;\">11.- <strong>Solidaridad<\/strong>: Es el valor que m\u00e1s nos a\u00fana y nos cohesiona como grupo humano, como comunidad y como instituci\u00f3n, porque nos estimula a interactuar constructivamente para el cumplimiento de nuestros objetivos.<\/span><\/p>\n<p style=\"text-align: justify;\">\u00a0<\/p>\n<p style=\"text-align: justify;\"><span style=\"font-family: arial, helvetica, sans-serif; color: #000000;\">13.- <strong>La Equidad<\/strong>: Es el valor que nos invita a estar consciente de que todos por igual tenemos el mismo grado de responsabilidad en el cuidado del clima \u00e9tico de UNI3. Tambi\u00e9n nos conduce a preservar y aplicar el sentido de justicia necesario para la sana convivencia.<\/span><\/p>\n","protected":false},"excerpt":{"rendered":"<p>Las UNI\u00ad3 son Asociaciones civiles, laicas, sin fines de lucro , sin discriminaci\u00f3n, gestadas como una alternativa para hacer frente<\/p>\n","protected":false},"author":1,"featured_media":0,"parent":0,"menu_order":0,"comment_status":"closed","ping_status":"closed","template":"","meta":{"colormag_page_container_layout":"default_layout","colormag_page_sidebar_layout":"default_layout","footnotes":""},"class_list":["post-2","page","type-page","status-publish","hentry"],"_links":{"self":[{"href":"https:\/\/www.uni3venezuela.org.ve\/index.php\/wp-json\/wp\/v2\/pages\/2","targetHints":{"allow":["GET"]}}],"collection":[{"href":"https:\/\/www.uni3venezuela.org.ve\/index.php\/wp-json\/wp\/v2\/pages"}],"about":[{"href":"https:\/\/www.uni3venezuela.org.ve\/index.php\/wp-json\/wp\/v2\/types\/page"}],"author":[{"embeddable":true,"href":"https:\/\/www.uni3venezuela.org.ve\/index.php\/wp-json\/wp\/v2\/users\/1"}],"replies":[{"embeddable":true,"href":"https:\/\/www.uni3venezuela.org.ve\/index.php\/wp-json\/wp\/v2\/comments?post=2"}],"version-history":[{"count":3,"href":"https:\/\/www.uni3venezuela.org.ve\/index.php\/wp-json\/wp\/v2\/pages\/2\/revisions"}],"predecessor-version":[{"id":1754,"href":"https:\/\/www.uni3venezuela.org.ve\/index.php\/wp-json\/wp\/v2\/pages\/2\/revisions\/1754"}],"wp:attachment":[{"href":"https:\/\/www.uni3venezuela.org.ve\/index.php\/wp-json\/wp\/v2\/media?parent=2"}],"curies":[{"name":"wp","href":"https:\/\/api.w.org\/{rel}","templated":true}]}}