{"id":1744,"date":"2022-05-04T18:35:10","date_gmt":"2022-05-04T18:35:10","guid":{"rendered":"http:\/\/www.uni3venezuela.org.ve\/?page_id=1744"},"modified":"2022-05-04T18:35:11","modified_gmt":"2022-05-04T18:35:11","slug":"sedes-activas","status":"publish","type":"page","link":"https:\/\/www.uni3venezuela.org.ve\/index.php\/sedes-activas\/","title":{"rendered":"Sedes Activas"},"content":{"rendered":"\n<p style=\"text-align: justify;\"><span style=\"color: #000000; font-family: arial, helvetica, sans-serif; font-size: 14pt;\">En este momento nuestras sedes activas son:<\/span><\/p>\n<p style=\"text-align: justify;\"><span style=\"color: #000080; font-family: arial, helvetica, sans-serif; font-size: 18pt;\">Altamira:<\/span><\/p>\n<p style=\"text-align: justify;\"><span style=\"color: #000000; font-family: arial, helvetica, sans-serif; font-size: 14pt;\">Centro Cultural PDVSA La Estancia, Avenida Francisco de Miranda, urbanizaci\u00f3n La Floresta, cerca de la estaci\u00f3n del Metro Altamira<\/span><\/p>\n<p style=\"text-align: justify;\"><span style=\"color: #000080; font-family: arial, helvetica, sans-serif; font-size: 18pt;\">Catia:<\/span><\/p>\n<p style=\"text-align: justify;\"><span style=\"color: #000000; font-family: arial, helvetica, sans-serif; font-size: 14pt;\">Parque Al\u00ed Primera (Parque del Oeste) Avenida Sucre Los Frailes a la altura de la estaci\u00f3n del Metro Gato Negro<\/span><\/p>\n<p style=\"text-align: justify;\"><span style=\"color: #000080; font-family: arial, helvetica, sans-serif; font-size: 18pt;\">Santa M\u00f3nica:<\/span><\/p>\n<p style=\"text-align: justify;\"><span style=\"color: #000000; font-family: arial, helvetica, sans-serif; font-size: 14pt;\">Avenida Teresa de la Parra, Qta Santa M\u00f3nica, Piso 2, A lado de Crema Para\u00edso Santa M\u00f3nica. Fundaci\u00f3n Astrea.<\/span><\/p>\n<p style=\"text-align: justify;\"><span style=\"color: #000080; font-family: arial, helvetica, sans-serif; font-size: 18pt;\">San Mart\u00edn:<\/span><\/p>\n<p style=\"text-align: justify;\"><span style=\"color: #000000; font-family: arial, helvetica, sans-serif; font-size: 14pt;\">Centro Comercial San Mart\u00edn, Avenida San Mart\u00edn, local de la Asociaci\u00f3n de jubilados de CANTV, cerca de la estaci\u00f3n del Metro Artigas<\/span><\/p>\n","protected":false},"excerpt":{"rendered":"<p>En este momento nuestras sedes activas son: Altamira: Centro Cultural PDVSA La Estancia, Avenida Francisco de Miranda, urbanizaci\u00f3n La Floresta,<\/p>\n","protected":false},"author":1,"featured_media":1745,"parent":0,"menu_order":0,"comment_status":"closed","ping_status":"closed","template":"","meta":{"colormag_page_container_layout":"default_layout","colormag_page_sidebar_layout":"default_layout","footnotes":""},"class_list":["post-1744","page","type-page","status-publish","has-post-thumbnail","hentry"],"_links":{"self":[{"href":"https:\/\/www.uni3venezuela.org.ve\/index.php\/wp-json\/wp\/v2\/pages\/1744","targetHints":{"allow":["GET"]}}],"collection":[{"href":"https:\/\/www.uni3venezuela.org.ve\/index.php\/wp-json\/wp\/v2\/pages"}],"about":[{"href":"https:\/\/www.uni3venezuela.org.ve\/index.php\/wp-json\/wp\/v2\/types\/page"}],"author":[{"embeddable":true,"href":"https:\/\/www.uni3venezuela.org.ve\/index.php\/wp-json\/wp\/v2\/users\/1"}],"replies":[{"embeddable":true,"href":"https:\/\/www.uni3venezuela.org.ve\/index.php\/wp-json\/wp\/v2\/comments?post=1744"}],"version-history":[{"count":1,"href":"https:\/\/www.uni3venezuela.org.ve\/index.php\/wp-json\/wp\/v2\/pages\/1744\/revisions"}],"predecessor-version":[{"id":1746,"href":"https:\/\/www.uni3venezuela.org.ve\/index.php\/wp-json\/wp\/v2\/pages\/1744\/revisions\/1746"}],"wp:featuredmedia":[{"embeddable":true,"href":"https:\/\/www.uni3venezuela.org.ve\/index.php\/wp-json\/wp\/v2\/media\/1745"}],"wp:attachment":[{"href":"https:\/\/www.uni3venezuela.org.ve\/index.php\/wp-json\/wp\/v2\/media?parent=1744"}],"curies":[{"name":"wp","href":"https:\/\/api.w.org\/{rel}","templated":true}]}}