{"id":1385,"date":"2020-09-01T20:08:57","date_gmt":"2020-09-01T20:08:57","guid":{"rendered":"http:\/\/www.uni3venezuela.org.ve\/?page_id=1385"},"modified":"2020-09-29T13:53:33","modified_gmt":"2020-09-29T13:53:33","slug":"gerentologia-al-dia","status":"publish","type":"page","link":"https:\/\/www.uni3venezuela.org.ve\/index.php\/gerentologia-al-dia\/","title":{"rendered":"Gerontolog\u00eda al d\u00eda"},"content":{"rendered":"\n<div class=\"wp-block-image\"><figure class=\"aligncenter size-large is-resized\"><img loading=\"lazy\" decoding=\"async\" src=\"http:\/\/www.uni3venezuela.org.ve\/wp-content\/uploads\/2020\/09\/adumay4.jpg\" alt=\"\" class=\"wp-image-1388\" width=\"600\" height=\"450\" srcset=\"https:\/\/www.uni3venezuela.org.ve\/wp-content\/uploads\/2020\/09\/adumay4.jpg 800w, https:\/\/www.uni3venezuela.org.ve\/wp-content\/uploads\/2020\/09\/adumay4-300x225.jpg 300w, https:\/\/www.uni3venezuela.org.ve\/wp-content\/uploads\/2020\/09\/adumay4-768x576.jpg 768w\" sizes=\"auto, (max-width: 600px) 100vw, 600px\" \/><\/figure><\/div>\n\n\n\n<p><span style=\"color: #000000; font-family: arial, helvetica, sans-serif;\">Somos responsables de fortalecer nuestra Salud con emociones positivas hasta nuestra vejez.<\/span><br><span style=\"color: #000000; font-family: arial, helvetica, sans-serif;\">Tarea: \u00bfQu\u00e9 emociones permitimos d\u00eda a d\u00eda en nuestra vida?<\/span><br><strong><span style=\"color: #000000; font-family: arial, helvetica, sans-serif;\">\u00abGerontolog\u00eda al D\u00eda \u00ab<\/span><\/strong><br><span style=\"color: #000000; font-family: arial, helvetica, sans-serif;\">Sandra Quintero<\/span><\/p>\n\n\n\n<p><span style=\"font-family: arial, helvetica, sans-serif; color: #000000;\">La vida es una sola y es necesario no perder el tiempo viviendo la vida de otro, sino llegaras a la vejez con proyectos sin cumplir.<\/span><br><span style=\"font-family: arial, helvetica, sans-serif; color: #000000;\">Tarea: Vive cada d\u00eda plenamente, haz tu mapa de proyecto y cumplelos, disfruta tus logros.<\/span><br><strong><span style=\"font-family: arial, helvetica, sans-serif; color: #000000;\">\u00abGerontolog\u00eda al D\u00eda \u00ab<\/span><\/strong><br><span style=\"font-family: arial, helvetica, sans-serif; color: #000000;\">Sandra Quintero<\/span><\/p>\n\n\n\n<p style=\"text-align: justify;\"><span style=\"font-family: arial, helvetica, sans-serif; color: #000000;\">Con actitud positiva se logran nuestros proyectos y sue\u00f1os, y si se viven con otros permaneceran en el tiempo hasta la vejez.<\/span><br><span style=\"font-family: arial, helvetica, sans-serif; color: #000000;\">Tarea: Piensa \u00bfQu\u00e9 proyectos y sue\u00f1os tienes y haz cumplido?<\/span><br><strong><span style=\"font-family: arial, helvetica, sans-serif; color: #000000;\">\u00abGerontolog\u00eda al D\u00eda \u00ab<\/span><\/strong><br><span style=\"font-family: arial, helvetica, sans-serif; color: #000000;\">Sandra Quintero<\/span><\/p>\n\n\n\n<p style=\"text-align: justify;\"><span style=\"color: #000000; font-family: arial, helvetica, sans-serif;\">Las emociones positivas fortalecen nuestra salud y nos mantienen j\u00f3venes hasta nuestra vejez.<\/span><br><span style=\"color: #000000; font-family: arial, helvetica, sans-serif;\">Tarea: Vigila las emociones positivas del d\u00eda a d\u00eda y multiplicalas.<\/span><br><strong><span style=\"color: #000000; font-family: arial, helvetica, sans-serif;\">\u00abGerontolog\u00eda al D\u00eda \u00ab<\/span><\/strong><br><span style=\"color: #000000; font-family: arial, helvetica, sans-serif;\">Sandra Quintero<\/span><\/p>\n\n\n\n<p style=\"text-align: justify;\"><span style=\"color: #000000; font-family: arial, helvetica, sans-serif;\">Cada d\u00eda nos vemos envueltos por un lenguaje que minimiza y limita nuestros proyectos hasta la vejez.<\/span><br><span style=\"color: #000000; font-family: arial, helvetica, sans-serif;\">Tarea: Vigila tus palabras diminutivas \u00abvoy a tomar un cafecito\u00bb, \u00bb tengo un proyectico que hacer\u00bb, \u00abes mi esposit@\u00bb&#8230;<\/span><br><strong><span style=\"color: #000000; font-family: arial, helvetica, sans-serif;\">\u00bb Gerontolog\u00eda al D\u00eda \u00ab<\/span><\/strong><br><span style=\"color: #000000; font-family: arial, helvetica, sans-serif;\">Sandra Quintero<\/span><\/p>\n\n\n\n<p style=\"text-align: justify;\"><span style=\"color: #000000; font-family: arial, helvetica, sans-serif;\">El resentimiento nos hace ser agresivos, inconformes y nos envejece. <\/span><br \/><span style=\"color: #000000; font-family: arial, helvetica, sans-serif;\">Tarea: perdonate a ti mismo por los resentimientos que no sueltas y los malos momentos que te haz permitido.<\/span><br \/><strong><span style=\"color: #000000; font-family: arial, helvetica, sans-serif;\">\u00abGerontolog\u00eda al D\u00eda \u00ab<\/span><\/strong><br \/><span style=\"color: #000000; font-family: arial, helvetica, sans-serif;\">Sandra Quintero<\/span><\/p>\n\n\n\n<p style=\"text-align: justify;\"><span style=\"color: #000000; font-family: arial, helvetica, sans-serif;\">Con nuestras palabras y acciones construimos nuestro entorno. De ellas depende lo que atraemos hoy hasta nuestra vejez.<\/span><br \/><span style=\"color: #000000; font-family: arial, helvetica, sans-serif;\">Tarea: \u00bfCon cu\u00e1les palabras y acciones convives?, \u00bfSon positivas o negativas?<\/span><br \/><strong><span style=\"color: #000000; font-family: arial, helvetica, sans-serif;\">\u00abGerontolog\u00eda al D\u00eda \u00ab<\/span><\/strong><br \/><span style=\"color: #000000; font-family: arial, helvetica, sans-serif;\">Sandra Quintero<\/span><\/p>\n<p><span style=\"font-family: arial, helvetica, sans-serif; color: #000000;\">Demos el 100% en todo lo que hacemos y fortaleceremos nuestras capacidades hasta la vejez.<\/span><br \/><span style=\"color: #000000;\"><strong><span style=\"font-family: arial, helvetica, sans-serif;\">\u00abGerontolog\u00eda al D\u00eda \u00ab<\/span><\/strong><\/span><br \/><span style=\"font-family: arial, helvetica, sans-serif; color: #000000;\">Sandra Quintero<\/span><\/p>\n<p><span style=\"font-family: arial, helvetica, sans-serif; color: #000000;\">La queja diaria nos envejece y enferma, genera energia y emociones negativas y minimiza nuestras capacidades.<\/span><br \/><span style=\"font-family: arial, helvetica, sans-serif; color: #000000;\">Tarea: Busca ver el lado positivo de las cosas y cambiaras tu visi\u00f3n del mundo, te veras m\u00e1s joven hasta la vejez.<\/span><br \/><strong><span style=\"font-family: arial, helvetica, sans-serif; color: #000000;\">\u00abGerontolog\u00eda al D\u00eda \u00ab<\/span><\/strong><br \/><span style=\"font-family: arial, helvetica, sans-serif; color: #000000;\">Sandra Quintero<\/span><\/p>\n<p><span style=\"font-family: arial, helvetica, sans-serif; color: #000000;\">Busquemos la Paz interior, en lugar de empe\u00f1arnos en buscar la Paz hacia afuera.<\/span><br \/><span style=\"font-family: arial, helvetica, sans-serif; color: #000000;\">Tarea: Estar en Paz, no tener resentimientos ni rencores sana el alma hasta nuestra vejez.<\/span><br \/><strong><span style=\"font-family: arial, helvetica, sans-serif; color: #000000;\">\u00abGerontolog\u00eda al D\u00eda \u00ab<\/span><\/strong><br \/><span style=\"font-family: arial, helvetica, sans-serif; color: #000000;\">Sandra Quintero<\/span><\/p>\n<p><span style=\"font-family: arial, helvetica, sans-serif; color: #000000;\">Ocuparnos de nuestros abuel@s y Adult@s Mayores es acompa\u00f1arles, es no fastidiarse al escuchar cuentos repetidos, es actuar con caridad.<\/span><br \/><span style=\"font-family: arial, helvetica, sans-serif; color: #000000;\">Tarea: Acompa\u00f1a, escucha, ayuda a un Adulto Mayor cada d\u00eda y abonaras tesoros para tu vejez.<\/span><br \/><strong><span style=\"font-family: arial, helvetica, sans-serif; color: #000000;\">\u00abGerontolog\u00eda al D\u00eda \u00ab<\/span><\/strong><br \/><span style=\"font-family: arial, helvetica, sans-serif; color: #000000;\">Sandra Quintero<\/span><\/p>\n<p><span style=\"color: #000000; font-family: arial, helvetica, sans-serif;\">El pasado misericordia (no podemos seguir reproduciendo los errores), el futuro providencia (solo Dios es due\u00f1o de lo que desconocemos), el presente agradecimiento (dar gracias a Dios por un Nuevo D\u00eda).<\/span><br \/><span style=\"color: #000000; font-family: arial, helvetica, sans-serif;\">Tarea: \u00bfEn qu\u00e9 momento de tu vida te encuentras tu?<\/span><br \/><span style=\"color: #000000; font-family: arial, helvetica, sans-serif;\">El verdadero hijo de Dios vive el hoy.<\/span><br \/><strong><span style=\"color: #000000; font-family: arial, helvetica, sans-serif;\">\u00abGerontolog\u00eda al D\u00eda \u00ab<\/span><\/strong><br \/><span style=\"color: #000000; font-family: arial, helvetica, sans-serif;\">Sandra Quintero<\/span><\/p>\n<p><span style=\"color: #000000; font-family: arial, helvetica, sans-serif;\">Cada d\u00eda es una oportunidad para ser agradecidos por las experiencias y aprendizaje, con eso reconocemos el amor de Dios hasta nuestra vejez.<\/span><br \/><span style=\"color: #000000; font-family: arial, helvetica, sans-serif;\">Tarea: \u00bfC\u00f3mo haz experimentado el amor de Dios? \u00bfEres agradecid@?<\/span><br \/><strong><span style=\"color: #000000; font-family: arial, helvetica, sans-serif;\">\u00abGerontolog\u00eda al D\u00eda\u00bb<\/span><\/strong><br \/><span style=\"color: #000000; font-family: arial, helvetica, sans-serif;\">Sandra Quintero<\/span><\/p>\n<p><span style=\"color: #000000; font-family: arial, helvetica, sans-serif;\">El mal de uno es el mal del otro, este es un dicho de nuestros abuelos. Ser empatico implica ponerse en el lugar del otro, frente a sus necesidades.<\/span><br \/><span style=\"color: #000000; font-family: arial, helvetica, sans-serif;\">Tarea: \u00bfCuantas veces ayudas a un Adulto Mayor en sus necesidades? \u00bfConoces las necesidades de los Adultos Mayores de tu hogar?<\/span><br \/><strong><span style=\"color: #000000; font-family: arial, helvetica, sans-serif;\">\u00abGerontolog\u00eda al D\u00eda \u00ab<\/span><\/strong><br \/><span style=\"color: #000000; font-family: arial, helvetica, sans-serif;\">Sandra Quintero<\/span><\/p>\n<p><span style=\"color: #000000; font-family: arial, helvetica, sans-serif;\">La escucha activa genera bienestar en las relaciones interpersonales. Escuchar an\u00e9cdotas, cuentos, leyendas de nuestros Adultos Mayores fortalece esas relaciones.<\/span><br \/><span style=\"color: #000000; font-family: arial, helvetica, sans-serif;\">Tarea: \u00bfEscuchas a tu abuel@ con respeto en tu hogar?.<\/span><br \/><strong><span style=\"color: #000000; font-family: arial, helvetica, sans-serif;\">\u00abGerontolog\u00eda al D\u00eda \u00ab<\/span><\/strong><br \/><span style=\"color: #000000; font-family: arial, helvetica, sans-serif;\">Sandra Quintero<\/span><\/p>\n<p><span style=\"color: #000000; font-family: arial, helvetica, sans-serif;\">Practicar la caridad implica abonar tesoros en el cielo. Practiquemos una acci\u00f3n de caridad con el Adulto Mayor al d\u00eda.<\/span><br \/><span style=\"color: #000000; font-family: arial, helvetica, sans-serif;\">Tarea: \u00bfQu\u00e9 actividad realizas con tus Adultos Mayores en tu y comunidad?<\/span><br \/><strong><span style=\"color: #000000; font-family: arial, helvetica, sans-serif;\">\u00abGerontolog\u00eda al D\u00eda \u00ab<\/span><\/strong><br \/><span style=\"color: #000000; font-family: arial, helvetica, sans-serif;\">Sandra Quintero<\/span><\/p>\n","protected":false},"excerpt":{"rendered":"<p>Somos responsables de fortalecer nuestra Salud con emociones positivas hasta nuestra vejez.Tarea: \u00bfQu\u00e9 emociones permitimos d\u00eda a d\u00eda en nuestra<\/p>\n","protected":false},"author":1,"featured_media":0,"parent":0,"menu_order":0,"comment_status":"closed","ping_status":"closed","template":"","meta":{"colormag_page_container_layout":"default_layout","colormag_page_sidebar_layout":"default_layout","footnotes":""},"class_list":["post-1385","page","type-page","status-publish","hentry"],"_links":{"self":[{"href":"https:\/\/www.uni3venezuela.org.ve\/index.php\/wp-json\/wp\/v2\/pages\/1385","targetHints":{"allow":["GET"]}}],"collection":[{"href":"https:\/\/www.uni3venezuela.org.ve\/index.php\/wp-json\/wp\/v2\/pages"}],"about":[{"href":"https:\/\/www.uni3venezuela.org.ve\/index.php\/wp-json\/wp\/v2\/types\/page"}],"author":[{"embeddable":true,"href":"https:\/\/www.uni3venezuela.org.ve\/index.php\/wp-json\/wp\/v2\/users\/1"}],"replies":[{"embeddable":true,"href":"https:\/\/www.uni3venezuela.org.ve\/index.php\/wp-json\/wp\/v2\/comments?post=1385"}],"version-history":[{"count":6,"href":"https:\/\/www.uni3venezuela.org.ve\/index.php\/wp-json\/wp\/v2\/pages\/1385\/revisions"}],"predecessor-version":[{"id":1416,"href":"https:\/\/www.uni3venezuela.org.ve\/index.php\/wp-json\/wp\/v2\/pages\/1385\/revisions\/1416"}],"wp:attachment":[{"href":"https:\/\/www.uni3venezuela.org.ve\/index.php\/wp-json\/wp\/v2\/media?parent=1385"}],"curies":[{"name":"wp","href":"https:\/\/api.w.org\/{rel}","templated":true}]}}