{"id":1274,"date":"2020-05-15T13:19:58","date_gmt":"2020-05-15T13:19:58","guid":{"rendered":"http:\/\/www.uni3venezuela.org.ve\/?page_id=1274"},"modified":"2020-09-29T13:31:40","modified_gmt":"2020-09-29T13:31:40","slug":"vida-plena-cuarentena","status":"publish","type":"page","link":"https:\/\/www.uni3venezuela.org.ve\/index.php\/vida-plena-cuarentena\/","title":{"rendered":"Vida plena en Cuarentena"},"content":{"rendered":"\n<h1 class=\"title style-scope ytd-video-primary-info-renderer\" style=\"text-align: center;\"><span style=\"font-family: arial, helvetica, sans-serif; font-size: 18pt; color: #000000;\">H\u00e1bitos saludables para el cerebro<\/span><\/h1>\n<h4 class=\"title style-scope ytd-video-primary-info-renderer\" style=\"text-align: center;\"><span style=\"font-family: arial, helvetica, sans-serif; font-size: 18pt; color: #000000;\"> con Omaira Morillo<\/span><\/h4>\n\n\n\n<figure class=\"wp-block-embed-youtube aligncenter wp-block-embed is-type-video is-provider-youtube wp-embed-aspect-16-9 wp-has-aspect-ratio\"><div class=\"wp-block-embed__wrapper\">\n<iframe loading=\"lazy\" title=\"H\u00e1bitos saludables para el cerebro con Omaira Morillo - Vida Plena en Cuarentena Uni3 Venezuela\" width=\"800\" height=\"450\" src=\"https:\/\/www.youtube.com\/embed\/xoC94zb3bOo?feature=oembed\" frameborder=\"0\" allow=\"accelerometer; autoplay; clipboard-write; encrypted-media; gyroscope; picture-in-picture\" allowfullscreen><\/iframe>\n<\/div><\/figure>\n\n\n\n<h1 class=\"title style-scope ytd-video-primary-info-renderer\" style=\"text-align: center;\"><span style=\"font-family: arial, helvetica, sans-serif; font-size: 18pt;\">Gimnasia Cerebral <\/span><\/h1>\n<h1 class=\"title style-scope ytd-video-primary-info-renderer\" style=\"text-align: center;\"><span style=\"font-family: arial, helvetica, sans-serif; font-size: 18pt;\">con Omaira Morillo<\/span><\/h1>\n\n\n\n<figure class=\"wp-block-embed-youtube aligncenter wp-block-embed is-type-video is-provider-youtube wp-embed-aspect-16-9 wp-has-aspect-ratio\"><div class=\"wp-block-embed__wrapper\">\n<iframe loading=\"lazy\" title=\"Gimnasia cerebral con Omaira Morillo - Vida plena en cuarentena Uni3 Venezuela\" width=\"800\" height=\"450\" src=\"https:\/\/www.youtube.com\/embed\/50idCDoZppk?feature=oembed\" frameborder=\"0\" allow=\"accelerometer; autoplay; encrypted-media; gyroscope; picture-in-picture\" allowfullscreen><\/iframe>\n<\/div><\/figure>\n\n\n\n<p style=\"text-align: center;\"><span style=\"color: #000000; font-family: arial, helvetica, sans-serif; font-size: 18pt;\">Avivar tu Fuego<\/span><\/p>\n<p style=\"text-align: center;\"><span style=\"color: #000000; font-family: arial, helvetica, sans-serif; font-size: 18pt;\">con Omaira Morillo<\/span><\/p>\n\n\n\n<figure class=\"wp-block-embed-youtube wp-block-embed is-type-video is-provider-youtube wp-embed-aspect-16-9 wp-has-aspect-ratio\"><div class=\"wp-block-embed__wrapper\">\n<iframe loading=\"lazy\" title=\"Avivar tu fuego con Omaira Morillo Uni3 Venezuela \/ Vida plena en cuarentena\" width=\"800\" height=\"450\" src=\"https:\/\/www.youtube.com\/embed\/xbacBhXfRl0?feature=oembed\" frameborder=\"0\" allow=\"accelerometer; autoplay; encrypted-media; gyroscope; picture-in-picture\" allowfullscreen><\/iframe>\n<\/div><\/figure>\n\n\n\n<h1 class=\"title style-scope ytd-video-primary-info-renderer\" style=\"text-align: center;\"><span style=\"font-family: arial, helvetica, sans-serif; font-size: 18pt; color: #000000;\">Automotivaci\u00f3n y felicidad<\/span><\/h1>\n<p style=\"text-align: center;\"><span style=\"color: #000000; font-family: arial, helvetica, sans-serif; font-size: 18pt;\">con Omaira Morillo<\/span><\/p>\n\n\n\n<figure class=\"wp-block-embed-youtube wp-block-embed is-type-video is-provider-youtube wp-embed-aspect-16-9 wp-has-aspect-ratio\"><div class=\"wp-block-embed__wrapper\">\n<iframe loading=\"lazy\" title=\"Vida plena en cuarentena. Automotivaci\u00f3n y felicidad con Omaira Morillo\" width=\"800\" height=\"450\" src=\"https:\/\/www.youtube.com\/embed\/ZhMJ4c0RTwo?feature=oembed\" frameborder=\"0\" allow=\"accelerometer; autoplay; encrypted-media; gyroscope; picture-in-picture\" allowfullscreen><\/iframe>\n<\/div><\/figure>\n\n\n\n<p style=\"text-align: center;\"><span style=\"font-family: arial, helvetica, sans-serif; font-size: 18pt; color: #000000;\">Optimismo y Buen Humor<\/span><\/p>\n<p style=\"text-align: center;\"><span style=\"font-family: arial, helvetica, sans-serif; font-size: 18pt; color: #000000;\">Con Omaira Morillo<\/span><\/p>\n\n\n\n<figure class=\"wp-block-embed-youtube wp-block-embed is-type-video is-provider-youtube wp-embed-aspect-16-9 wp-has-aspect-ratio\"><div class=\"wp-block-embed__wrapper\">\n<iframe loading=\"lazy\" title=\"Vida plena en cuarentena con Omaira Morillo \/Optimismo y buen humor\" width=\"800\" height=\"450\" src=\"https:\/\/www.youtube.com\/embed\/MJEAyi59S2M?feature=oembed\" frameborder=\"0\" allow=\"accelerometer; autoplay; encrypted-media; gyroscope; picture-in-picture\" allowfullscreen><\/iframe>\n<\/div><\/figure>\n\n\n\n<p style=\"text-align: center;\"><span style=\"font-family: arial, helvetica, sans-serif; font-size: 18pt; color: #000000;\">Tiempo de Cambio<\/span><\/p>\n<p style=\"text-align: center;\"><span style=\"font-family: arial, helvetica, sans-serif; font-size: 18pt; color: #000000;\">con Omaira Morillo<\/span><\/p>\n\n\n\n<figure class=\"wp-block-embed-youtube wp-block-embed is-type-video is-provider-youtube wp-embed-aspect-16-9 wp-has-aspect-ratio\"><div class=\"wp-block-embed__wrapper\">\n<iframe loading=\"lazy\" title=\"Vida Plena en Cuarentena con Omaira Morillo \/Tiempo de cambio\" width=\"800\" height=\"450\" src=\"https:\/\/www.youtube.com\/embed\/y2xCRRCvuKw?feature=oembed\" frameborder=\"0\" allow=\"accelerometer; autoplay; encrypted-media; gyroscope; picture-in-picture\" allowfullscreen><\/iframe>\n<\/div><\/figure>\n\n\n\n<p style=\"text-align: center;\"><span style=\"font-family: arial, helvetica, sans-serif; color: #000000; font-size: 18pt;\">Emociones y Enfermedades (Primera parte)<\/span><\/p>\n<p style=\"text-align: center;\"><span style=\"font-family: arial, helvetica, sans-serif; color: #000000; font-size: 18pt;\">Con Omaira Morillo<\/span><\/p>\n<p style=\"text-align: justify;\"><span style=\"font-family: arial, helvetica, sans-serif; color: #000000;\">Hablar qu\u00e9 hacer para mantenernos viviendo en plenitud a pesar de estar en cuarentena y distanciamiento social.<\/span><\/p>\n\n\n\n<figure class=\"wp-block-embed-youtube wp-block-embed is-type-video is-provider-youtube wp-embed-aspect-16-9 wp-has-aspect-ratio\"><div class=\"wp-block-embed__wrapper\">\n<iframe loading=\"lazy\" title=\"Vida Plena en Cuarentena con Omaira Morillo \/ Emociones y Enfermedades (Primera parte)\" width=\"800\" height=\"450\" src=\"https:\/\/www.youtube.com\/embed\/cgFf4Vhz8xE?feature=oembed\" frameborder=\"0\" allow=\"accelerometer; autoplay; encrypted-media; gyroscope; picture-in-picture\" allowfullscreen><\/iframe>\n<\/div><\/figure>\n\n\n\n<p style=\"text-align: center;\"><span style=\"font-family: arial, helvetica, sans-serif; color: #000000; font-size: 18pt;\">Emociones y enfermedades (segunda parte)<\/span><\/p>\n<p style=\"text-align: center;\"><span style=\"font-family: arial, helvetica, sans-serif; color: #000000; font-size: 18pt;\">con Omaira Morillo<\/span><\/p>\n<p style=\"text-align: justify;\"><span style=\"font-family: arial, helvetica, sans-serif; color: #000000;\">Qu\u00e9 y c\u00f3mo hacer para vivir en plenitud durante la cuarentena y distanciamiento social. Emociones y enfermedades, efectos psicol\u00f3gicos que podemos generar con un distanciamiento prolongado, Ansiedad<\/span><\/p>\n\n\n\n<figure class=\"wp-block-embed-youtube aligncenter wp-block-embed is-type-video is-provider-youtube wp-embed-aspect-16-9 wp-has-aspect-ratio\"><div class=\"wp-block-embed__wrapper\">\n<iframe loading=\"lazy\" title=\"Vida Plena en cuarentena con Omaira Morillo UNI3 Venezuela\/ Emociones y enfermedades (segunda parte)\" width=\"800\" height=\"450\" src=\"https:\/\/www.youtube.com\/embed\/4Ievhr6Tt00?feature=oembed\" frameborder=\"0\" allow=\"accelerometer; autoplay; encrypted-media; gyroscope; picture-in-picture\" allowfullscreen><\/iframe>\n<\/div><\/figure>\n\n\n\n<p style=\"text-align: center;\"><span style=\"font-family: arial, helvetica, sans-serif; color: #000000; font-size: 18pt;\">Aislamiento<\/span><\/p>\n<p style=\"text-align: center;\"><span style=\"font-family: arial, helvetica, sans-serif; color: #000000; font-size: 18pt;\">con Omaira Morillo<\/span><\/p>\n<p style=\"text-align: justify;\"><span style=\"font-family: arial, helvetica, sans-serif; color: #000000;\">Qu\u00e9 hacer para mantenernos viviendo en plenitud aunque estemos en cuarentena preventiva y distanciamiento social.<\/span><\/p>\n\n\n\n<figure class=\"wp-block-embed-youtube wp-block-embed is-type-video is-provider-youtube wp-embed-aspect-16-9 wp-has-aspect-ratio\"><div class=\"wp-block-embed__wrapper\">\n<iframe loading=\"lazy\" title=\"Vida Plena en Cuarentena con Omaira Morillo \/ Aislamiento\" width=\"800\" height=\"450\" src=\"https:\/\/www.youtube.com\/embed\/I6k5c2BekTs?feature=oembed\" frameborder=\"0\" allow=\"accelerometer; autoplay; encrypted-media; gyroscope; picture-in-picture\" allowfullscreen><\/iframe>\n<\/div><\/figure>\n\n\n\n<p style=\"text-align: center;\"><span style=\"font-family: arial, helvetica, sans-serif; color: #000000; font-size: 18pt;\">Recomendaciones para el equilibrio ps\u00edquico<\/span><\/p>\n<p style=\"text-align: center;\"><span style=\"font-family: arial, helvetica, sans-serif; color: #000000; font-size: 18pt;\">Con Omaira Morillo<\/span><\/p>\n<p style=\"text-align: justify;\"><span style=\"font-family: arial, helvetica, sans-serif; color: #000000;\">Recomendaciones para mantener el equilibrio ps\u00edquico mientras estemos en cuarentena. No te lo pierdas, excelente<\/span><\/p>\n\n\n\n<figure class=\"wp-block-embed-youtube wp-block-embed is-type-video is-provider-youtube wp-embed-aspect-16-9 wp-has-aspect-ratio\"><div class=\"wp-block-embed__wrapper\">\n<iframe loading=\"lazy\" title=\"Vida Plena en cuarentena con Omaira Morillo \/ Recomendaciones para el equilibrio ps\u00edquico.\" width=\"800\" height=\"450\" src=\"https:\/\/www.youtube.com\/embed\/I3eWWtXZN0g?feature=oembed\" frameborder=\"0\" allow=\"accelerometer; autoplay; encrypted-media; gyroscope; picture-in-picture\" allowfullscreen><\/iframe>\n<\/div><\/figure>\n\n\n\n<h1 style=\"text-align: center;\"><strong><span style=\"color: #000000; font-family: arial, helvetica, sans-serif; font-size: 18pt;\">Bienestar en cuarentena para adultos mayores con la Psic\u00f3loga Carol Guilarte<\/span><\/strong><\/h1>\n<p style=\"text-align: justify;\"><span style=\"color: #000000; font-family: arial, helvetica, sans-serif;\">No te pierdas esta c\u00e1psula con informaci\u00f3n valiosa para vivir en plenitud durante cuarentena<\/span><\/p>\n\n\n\n<figure class=\"wp-block-embed-youtube wp-block-embed is-type-video is-provider-youtube wp-embed-aspect-16-9 wp-has-aspect-ratio\"><div class=\"wp-block-embed__wrapper\">\n<iframe loading=\"lazy\" title=\"Bienestar en cuarentena para adultos mayores con la Psic\u00f3loga Carol Guilarte UNI3 Venezuela\" width=\"800\" height=\"450\" src=\"https:\/\/www.youtube.com\/embed\/QKoYbDZH-4M?feature=oembed\" frameborder=\"0\" allow=\"accelerometer; autoplay; encrypted-media; gyroscope; picture-in-picture\" allowfullscreen><\/iframe>\n<\/div><\/figure>\n\n\n\n<p style=\"text-align: center;\"><span style=\"font-family: arial, helvetica, sans-serif; font-size: 14pt; color: #000000;\">Jorge Blass con Magia para superar la Cuarentena<\/span><\/p>\n\n\n\n<figure class=\"wp-block-embed-youtube wp-block-embed is-type-video is-provider-youtube wp-embed-aspect-16-9 wp-has-aspect-ratio\"><div class=\"wp-block-embed__wrapper\">\n<iframe loading=\"lazy\" title=\"MAGIA PARA SUPERAR LA CUARENTENA\" width=\"800\" height=\"450\" src=\"https:\/\/www.youtube.com\/embed\/4foQN0KXrjU?feature=oembed\" frameborder=\"0\" allow=\"accelerometer; autoplay; encrypted-media; gyroscope; picture-in-picture\" allowfullscreen><\/iframe>\n<\/div><\/figure>\n","protected":false},"excerpt":{"rendered":"<p>H\u00e1bitos saludables para el cerebro con Omaira Morillo Gimnasia Cerebral con Omaira Morillo Avivar tu Fuego con Omaira Morillo Automotivaci\u00f3n<\/p>\n","protected":false},"author":1,"featured_media":0,"parent":0,"menu_order":0,"comment_status":"closed","ping_status":"closed","template":"","meta":{"colormag_page_container_layout":"default_layout","colormag_page_sidebar_layout":"default_layout","footnotes":""},"class_list":["post-1274","page","type-page","status-publish","hentry"],"_links":{"self":[{"href":"https:\/\/www.uni3venezuela.org.ve\/index.php\/wp-json\/wp\/v2\/pages\/1274","targetHints":{"allow":["GET"]}}],"collection":[{"href":"https:\/\/www.uni3venezuela.org.ve\/index.php\/wp-json\/wp\/v2\/pages"}],"about":[{"href":"https:\/\/www.uni3venezuela.org.ve\/index.php\/wp-json\/wp\/v2\/types\/page"}],"author":[{"embeddable":true,"href":"https:\/\/www.uni3venezuela.org.ve\/index.php\/wp-json\/wp\/v2\/users\/1"}],"replies":[{"embeddable":true,"href":"https:\/\/www.uni3venezuela.org.ve\/index.php\/wp-json\/wp\/v2\/comments?post=1274"}],"version-history":[{"count":11,"href":"https:\/\/www.uni3venezuela.org.ve\/index.php\/wp-json\/wp\/v2\/pages\/1274\/revisions"}],"predecessor-version":[{"id":1413,"href":"https:\/\/www.uni3venezuela.org.ve\/index.php\/wp-json\/wp\/v2\/pages\/1274\/revisions\/1413"}],"wp:attachment":[{"href":"https:\/\/www.uni3venezuela.org.ve\/index.php\/wp-json\/wp\/v2\/media?parent=1274"}],"curies":[{"name":"wp","href":"https:\/\/api.w.org\/{rel}","templated":true}]}}